{"id":618,"date":"2025-11-02T13:06:39","date_gmt":"2025-11-02T10:06:39","guid":{"rendered":"https:\/\/www.kouformulastudent.com\/index.php\/about-page\/"},"modified":"2025-11-09T18:06:32","modified_gmt":"2025-11-09T15:06:32","slug":"hakkimizda","status":"publish","type":"page","link":"https:\/\/www.kouformulastudent.com\/index.php\/hakkimizda\/","title":{"rendered":"Hakk\u0131m\u0131zda"},"content":{"rendered":"\n<main class=\"wp-block-group is-layout-flow wp-container-core-group-is-layout-5e28f8c7 wp-block-group-is-layout-flow\" style=\"margin-top:0;margin-bottom:0;padding-top:0;padding-right:0;padding-bottom:0;padding-left:0\">\n<h2 class=\"wp-block-heading has-text-align-center\">Hakk\u0131m\u0131zda<\/h2>\n\n\n\n<div class=\"wp-block-group alignfull is-layout-constrained wp-block-group-is-layout-constrained\" style=\"margin-top:0px;margin-bottom:0px;padding-top:64px;padding-bottom:64px\">\n<hr class=\"wp-block-separator has-alpha-channel-opacity is-style-wide\"\/>\n\n\n\n<div class=\"wp-block-columns alignwide is-layout-flex wp-container-core-columns-is-layout-28f84493 wp-block-columns-is-layout-flex\">\n<div class=\"wp-block-column is-vertically-aligned-center is-layout-flow wp-block-column-is-layout-flow\">\n<p>2015 y\u0131l\u0131nda Kocaeli \u00dcniversitesi \u00f6\u011frencileri taraf\u0131ndan kurulan KOU Formula Team, T\u00fcrkiye\u2019nin en k\u00f6kl\u00fc Formula Student tak\u0131mlar\u0131ndan biridir.<br>Bug\u00fcne kadar 5 i\u00e7ten yanmal\u0131 (CV) ve 3 elektrikli (EV) olmak \u00fczere toplam 8 ara\u00e7 geli\u015ftirmi\u015ftir.<\/p>\n<\/div>\n\n\n\n<div class=\"wp-block-column is-layout-flow wp-block-column-is-layout-flow\">\n<p>Her y\u0131l iki arac\u0131 \u2014 elektrikli ve i\u00e7ten yanmal\u0131 \u2014 ayn\u0131 sezonda piste \u00e7\u0131kararak bu ba\u015far\u0131y\u0131 T\u00fcrkiye\u2019de tek ba\u015f\u0131na ger\u00e7ekle\u015ftiren Formula Student tak\u0131m\u0131d\u0131r.<\/p>\n\n\n\n<p>Disiplinleraras\u0131 yap\u0131s\u0131yla m\u00fchendislik, finans ve organizasyonu bir araya getirir; amac\u0131, gelece\u011fin m\u00fchendislerini ve liderlerini yeti\u015ftirerek yar\u0131n\u0131n mobilite teknolojilerine y\u00f6n vermektir.<\/p>\n<\/div>\n\n\n\n<div class=\"wp-block-column is-layout-flow wp-block-column-is-layout-flow\">\n<figure class=\"wp-block-image size-full\"><img loading=\"lazy\" decoding=\"async\" width=\"2560\" height=\"1707\" src=\"https:\/\/www.kouformulastudent.com\/wp-content\/uploads\/2023\/10\/DSC_6852-scaled.jpg\" alt=\"\" class=\"wp-image-276\" srcset=\"https:\/\/www.kouformulastudent.com\/wp-content\/uploads\/2023\/10\/DSC_6852-scaled.jpg 2560w, https:\/\/www.kouformulastudent.com\/wp-content\/uploads\/2023\/10\/DSC_6852-300x200.jpg 300w, https:\/\/www.kouformulastudent.com\/wp-content\/uploads\/2023\/10\/DSC_6852-1024x683.jpg 1024w, https:\/\/www.kouformulastudent.com\/wp-content\/uploads\/2023\/10\/DSC_6852-768x512.jpg 768w, https:\/\/www.kouformulastudent.com\/wp-content\/uploads\/2023\/10\/DSC_6852-1536x1024.jpg 1536w, https:\/\/www.kouformulastudent.com\/wp-content\/uploads\/2023\/10\/DSC_6852-2048x1365.jpg 2048w, https:\/\/www.kouformulastudent.com\/wp-content\/uploads\/2023\/10\/DSC_6852-1620x1080.jpg 1620w\" sizes=\"auto, (max-width: 2560px) 100vw, 2560px\" \/><\/figure>\n<\/div>\n<\/div>\n\n\n\n<hr class=\"wp-block-separator has-alpha-channel-opacity is-style-wide\"\/>\n\n\n\n<div class=\"wp-block-columns alignwide are-vertically-aligned-bottom is-layout-flex wp-container-core-columns-is-layout-28f84493 wp-block-columns-is-layout-flex\">\n<div class=\"wp-block-column is-vertically-aligned-bottom is-layout-flow wp-block-column-is-layout-flow\" style=\"flex-basis:66%\">\n<figure class=\"wp-block-image aligncenter size-large is-resized size-full\"><img loading=\"lazy\" decoding=\"async\" width=\"1024\" height=\"683\" src=\"https:\/\/www.kouformulastudent.com\/wp-content\/uploads\/2023\/10\/Formula-SAE-Italy-2023-Team-41-141-01-1024x683.jpg\" alt=\"\" class=\"wp-image-54\" style=\"width:538px;height:auto\" srcset=\"https:\/\/www.kouformulastudent.com\/wp-content\/uploads\/2023\/10\/Formula-SAE-Italy-2023-Team-41-141-01-1024x683.jpg 1024w, https:\/\/www.kouformulastudent.com\/wp-content\/uploads\/2023\/10\/Formula-SAE-Italy-2023-Team-41-141-01-300x200.jpg 300w, https:\/\/www.kouformulastudent.com\/wp-content\/uploads\/2023\/10\/Formula-SAE-Italy-2023-Team-41-141-01-768x512.jpg 768w, https:\/\/www.kouformulastudent.com\/wp-content\/uploads\/2023\/10\/Formula-SAE-Italy-2023-Team-41-141-01-1536x1024.jpg 1536w, https:\/\/www.kouformulastudent.com\/wp-content\/uploads\/2023\/10\/Formula-SAE-Italy-2023-Team-41-141-01-2048x1365.jpg 2048w, https:\/\/www.kouformulastudent.com\/wp-content\/uploads\/2023\/10\/Formula-SAE-Italy-2023-Team-41-141-01-1620x1080.jpg 1620w\" sizes=\"auto, (max-width: 1024px) 100vw, 1024px\" \/><\/figure>\n<\/div>\n\n\n\n<div class=\"wp-block-column is-vertically-aligned-bottom is-layout-flow wp-block-column-is-layout-flow\">\n<p class=\"has-medium-font-size\">Formula Student, \u00fcniversite \u00f6\u011frencilerinin tasarlay\u0131p \u00fcrettikleri yar\u0131\u015f ara\u00e7lar\u0131yla hem pist performans\u0131nda hem de m\u00fchendislik sunumlar\u0131nda k\u00fcresel \u00e7apta yar\u0131\u015ft\u0131\u011f\u0131 d\u00fcnyan\u0131n en prestijli organizasyonudur.<\/p>\n\n\n\n<div class=\"wp-block-buttons is-layout-flex wp-block-buttons-is-layout-flex\">\n<div class=\"wp-block-button is-style-fill\"><a class=\"wp-block-button__link wp-element-button\" href=\"https:\/\/www.kouformulastudent.com\/index.php\/yarisma-hakkinda\/\">Yar\u0131\u015fma Hakk\u0131nda<\/a><\/div>\n<\/div>\n<\/div>\n<\/div>\n<\/div>\n<\/main>\n\n\n\n<p><\/p>\n","protected":false},"excerpt":{"rendered":"<p>Hakk\u0131m\u0131zda 2015 y\u0131l\u0131nda Kocaeli \u00dcniversitesi \u00f6\u011frencileri taraf\u0131ndan kurulan KOU Formula Team, T\u00fcrkiye\u2019nin en k\u00f6kl\u00fc Formula Student tak\u0131mlar\u0131ndan biridir.Bug\u00fcne kadar 5 i\u00e7ten yanmal\u0131 (CV) ve 3 elektrikli (EV) olmak \u00fczere toplam 8 ara\u00e7 geli\u015ftirmi\u015ftir. Her y\u0131l iki arac\u0131 \u2014 elektrikli ve i\u00e7ten yanmal\u0131 \u2014 ayn\u0131 sezonda piste \u00e7\u0131kararak bu ba\u015far\u0131y\u0131 T\u00fcrkiye\u2019de tek ba\u015f\u0131na ger\u00e7ekle\u015ftiren Formula Student [&hellip;]<\/p>\n","protected":false},"author":1,"featured_media":0,"parent":0,"menu_order":0,"comment_status":"closed","ping_status":"closed","template":"template-plain","meta":{"_themeisle_gutenberg_block_has_review":false,"footnotes":""},"class_list":["post-618","page","type-page","status-publish","hentry"],"_links":{"self":[{"href":"https:\/\/www.kouformulastudent.com\/index.php\/wp-json\/wp\/v2\/pages\/618","targetHints":{"allow":["GET"]}}],"collection":[{"href":"https:\/\/www.kouformulastudent.com\/index.php\/wp-json\/wp\/v2\/pages"}],"about":[{"href":"https:\/\/www.kouformulastudent.com\/index.php\/wp-json\/wp\/v2\/types\/page"}],"author":[{"embeddable":true,"href":"https:\/\/www.kouformulastudent.com\/index.php\/wp-json\/wp\/v2\/users\/1"}],"replies":[{"embeddable":true,"href":"https:\/\/www.kouformulastudent.com\/index.php\/wp-json\/wp\/v2\/comments?post=618"}],"version-history":[{"count":4,"href":"https:\/\/www.kouformulastudent.com\/index.php\/wp-json\/wp\/v2\/pages\/618\/revisions"}],"predecessor-version":[{"id":747,"href":"https:\/\/www.kouformulastudent.com\/index.php\/wp-json\/wp\/v2\/pages\/618\/revisions\/747"}],"wp:attachment":[{"href":"https:\/\/www.kouformulastudent.com\/index.php\/wp-json\/wp\/v2\/media?parent=618"}],"curies":[{"name":"wp","href":"https:\/\/api.w.org\/{rel}","templated":true}]}}