{"id":649,"date":"2025-11-02T14:43:30","date_gmt":"2025-11-02T11:43:30","guid":{"rendered":"https:\/\/www.kouformulastudent.com\/?page_id=649"},"modified":"2026-01-04T18:24:57","modified_gmt":"2026-01-04T15:24:57","slug":"2025-2026-sezonu-takimimiz","status":"publish","type":"page","link":"https:\/\/www.kouformulastudent.com\/index.php\/2025-2026-sezonu-takimimiz\/","title":{"rendered":"2025-2026 Sezonu Ekibimiz"},"content":{"rendered":"\n<div class=\"wp-block-group is-layout-constrained wp-block-group-is-layout-constrained\">\n<h2 class=\"wp-block-heading has-text-align-center\">Tak\u0131m Dan\u0131\u015fmanlar\u0131m\u0131z<\/h2>\n\n\n\n<div class=\"wp-block-group is-nowrap is-layout-flex wp-container-core-group-is-layout-6c531013 wp-block-group-is-layout-flex\">\n<div class=\"wp-block-group alignfull has-ti-bg-alt-background-color has-background is-layout-constrained wp-container-core-group-is-layout-352a731e wp-block-group-is-layout-constrained\" style=\"margin-top:0px;margin-bottom:0px;padding-top:64px;padding-bottom:64px\">\n<div class=\"wp-block-group alignwide is-layout-flow wp-block-group-is-layout-flow\">\n<div class=\"wp-block-columns is-layout-flex wp-container-core-columns-is-layout-28f84493 wp-block-columns-is-layout-flex\">\n<div class=\"wp-block-column is-layout-flow wp-container-core-column-is-layout-47e5a185 wp-block-column-is-layout-flow\">\n<figure class=\"wp-block-image size-full\"><img loading=\"lazy\" decoding=\"async\" width=\"1707\" height=\"2560\" src=\"https:\/\/www.kouformulastudent.com\/wp-content\/uploads\/2025\/11\/as\u2500\u2592mhoca-scaled.png\" alt=\"\" class=\"wp-image-555\" srcset=\"https:\/\/www.kouformulastudent.com\/wp-content\/uploads\/2025\/11\/as\u2500\u2592mhoca-scaled.png 1707w, https:\/\/www.kouformulastudent.com\/wp-content\/uploads\/2025\/11\/as\u2500\u2592mhoca-200x300.png 200w, https:\/\/www.kouformulastudent.com\/wp-content\/uploads\/2025\/11\/as\u2500\u2592mhoca-683x1024.png 683w, https:\/\/www.kouformulastudent.com\/wp-content\/uploads\/2025\/11\/as\u2500\u2592mhoca-768x1152.png 768w, https:\/\/www.kouformulastudent.com\/wp-content\/uploads\/2025\/11\/as\u2500\u2592mhoca-1024x1536.png 1024w, https:\/\/www.kouformulastudent.com\/wp-content\/uploads\/2025\/11\/as\u2500\u2592mhoca-1366x2048.png 1366w, https:\/\/www.kouformulastudent.com\/wp-content\/uploads\/2025\/11\/as\u2500\u2592mhoca-720x1080.png 720w\" sizes=\"auto, (max-width: 1707px) 100vw, 1707px\" \/><\/figure>\n\n\n\n<div class=\"wp-block-group has-ti-bg-background-color has-background is-layout-constrained wp-container-core-group-is-layout-430a0e02 wp-block-group-is-layout-constrained\" style=\"border-top-left-radius:0px;border-top-right-radius:0px;border-bottom-left-radius:5px;border-bottom-right-radius:5px;padding-top:32px;padding-right:32px;padding-bottom:32px;padding-left:32px\">\n<h3 class=\"wp-block-heading has-text-align-center has-medium-font-size\">Do\u00e7. Dr. As\u0131m G\u00fcven<\/h3>\n\n\n\n<p class=\"has-text-align-center\">Tak\u0131m Dan\u0131\u015fman\u0131<\/p>\n<\/div>\n<\/div>\n\n\n\n<div class=\"wp-block-column is-layout-flow wp-container-core-column-is-layout-47e5a185 wp-block-column-is-layout-flow\">\n\n\n<div class=\"wp-block-group has-ti-bg-background-color has-background is-layout-constrained wp-container-core-group-is-layout-430a0e02 wp-block-group-is-layout-constrained\" style=\"border-top-left-radius:0px;border-top-right-radius:0px;border-bottom-left-radius:5px;border-bottom-right-radius:5px;padding-top:32px;padding-right:32px;padding-bottom:32px;padding-left:32px\">\n<h3 class=\"wp-block-heading has-text-align-center has-medium-font-size\">Eser Yarar<\/h3>\n\n\n\n<p class=\"has-text-align-center\">Tak\u0131m Dan\u0131\u015fman\u0131<\/p>\n<\/div>\n<\/div>\n<\/div>\n<\/div>\n<\/div>\n<\/div>\n<\/div>\n\n\n\n<div class=\"wp-block-columns is-layout-flex wp-container-core-columns-is-layout-28f84493 wp-block-columns-is-layout-flex\">\n<div class=\"wp-block-column is-layout-flow wp-block-column-is-layout-flow\" style=\"flex-basis:100%\">\n<div class=\"wp-block-group is-layout-constrained wp-container-core-group-is-layout-081cea82 wp-block-group-is-layout-constrained\">\n<h2 class=\"wp-block-heading has-text-align-center\">Tak\u0131m Kaptan\u0131<\/h2>\n\n\n\n<div class=\"wp-block-group is-layout-constrained wp-block-group-is-layout-constrained\">\n<div class=\"wp-block-columns is-layout-flex wp-container-core-columns-is-layout-28f84493 wp-block-columns-is-layout-flex\">\n<div class=\"wp-block-column is-layout-flow wp-block-column-is-layout-flow\" style=\"flex-basis:100%\">\n<div class=\"wp-block-group alignfull has-ti-bg-alt-background-color has-background is-layout-constrained wp-container-core-group-is-layout-352a731e wp-block-group-is-layout-constrained\" style=\"margin-top:0px;margin-bottom:0px;padding-top:64px;padding-bottom:64px\">\n<div class=\"wp-block-group alignwide is-layout-flow wp-block-group-is-layout-flow\">\n<div class=\"wp-block-columns is-layout-flex wp-container-core-columns-is-layout-28f84493 wp-block-columns-is-layout-flex\">\n<div class=\"wp-block-column is-layout-flow wp-container-core-column-is-layout-47e5a185 wp-block-column-is-layout-flow\">\n<figure class=\"wp-block-image size-large\"><img loading=\"lazy\" decoding=\"async\" width=\"683\" height=\"1024\" src=\"https:\/\/www.kouformulastudent.com\/wp-content\/uploads\/2025\/11\/yunuskaptan-683x1024.png\" alt=\"\" class=\"wp-image-563\" style=\"object-fit:cover\" srcset=\"https:\/\/www.kouformulastudent.com\/wp-content\/uploads\/2025\/11\/yunuskaptan-683x1024.png 683w, https:\/\/www.kouformulastudent.com\/wp-content\/uploads\/2025\/11\/yunuskaptan-200x300.png 200w, https:\/\/www.kouformulastudent.com\/wp-content\/uploads\/2025\/11\/yunuskaptan-768x1152.png 768w, https:\/\/www.kouformulastudent.com\/wp-content\/uploads\/2025\/11\/yunuskaptan-1024x1536.png 1024w, https:\/\/www.kouformulastudent.com\/wp-content\/uploads\/2025\/11\/yunuskaptan-1365x2048.png 1365w, https:\/\/www.kouformulastudent.com\/wp-content\/uploads\/2025\/11\/yunuskaptan-720x1080.png 720w, https:\/\/www.kouformulastudent.com\/wp-content\/uploads\/2025\/11\/yunuskaptan-scaled.png 1706w\" sizes=\"auto, (max-width: 683px) 100vw, 683px\" \/><\/figure>\n\n\n\n<div class=\"wp-block-group has-ti-bg-background-color has-background is-layout-constrained wp-container-core-group-is-layout-430a0e02 wp-block-group-is-layout-constrained\" style=\"border-top-left-radius:0px;border-top-right-radius:0px;border-bottom-left-radius:5px;border-bottom-right-radius:5px;padding-top:32px;padding-right:32px;padding-bottom:32px;padding-left:32px\">\n<h3 class=\"wp-block-heading has-text-align-center has-medium-font-size\">Yunus Emre Say\u0131l\u0131r<\/h3>\n\n\n\n<p class=\"has-text-align-center\">Tak\u0131m Kaptan\u0131<\/p>\n<\/div>\n<\/div>\n<\/div>\n<\/div>\n<\/div>\n<\/div>\n<\/div>\n<\/div>\n<\/div>\n<\/div>\n<\/div>\n\n\n\n<div class=\"wp-block-group is-layout-constrained wp-block-group-is-layout-constrained\">\n<h2 class=\"wp-block-heading has-text-align-center\">Departman Liderleri<\/h2>\n\n\n\n<div class=\"wp-block-group alignwide is-layout-flow wp-block-group-is-layout-flow\">\n<div class=\"wp-block-columns is-layout-flex wp-container-core-columns-is-layout-28f84493 wp-block-columns-is-layout-flex\">\n<div class=\"wp-block-column is-layout-flow wp-container-core-column-is-layout-47e5a185 wp-block-column-is-layout-flow\">\n<figure class=\"wp-block-image size-full\"><img loading=\"lazy\" decoding=\"async\" width=\"1706\" height=\"2560\" src=\"https:\/\/www.kouformulastudent.com\/wp-content\/uploads\/2025\/11\/ahmet-scaled.png\" alt=\"\" class=\"wp-image-554\" srcset=\"https:\/\/www.kouformulastudent.com\/wp-content\/uploads\/2025\/11\/ahmet-scaled.png 1706w, https:\/\/www.kouformulastudent.com\/wp-content\/uploads\/2025\/11\/ahmet-200x300.png 200w, https:\/\/www.kouformulastudent.com\/wp-content\/uploads\/2025\/11\/ahmet-683x1024.png 683w, https:\/\/www.kouformulastudent.com\/wp-content\/uploads\/2025\/11\/ahmet-768x1152.png 768w, https:\/\/www.kouformulastudent.com\/wp-content\/uploads\/2025\/11\/ahmet-1024x1536.png 1024w, https:\/\/www.kouformulastudent.com\/wp-content\/uploads\/2025\/11\/ahmet-1365x2048.png 1365w, https:\/\/www.kouformulastudent.com\/wp-content\/uploads\/2025\/11\/ahmet-720x1080.png 720w\" sizes=\"auto, (max-width: 1706px) 100vw, 1706px\" \/><\/figure>\n\n\n\n<div class=\"wp-block-group has-ti-bg-background-color has-background is-layout-constrained wp-container-core-group-is-layout-430a0e02 wp-block-group-is-layout-constrained\" style=\"border-top-left-radius:0px;border-top-right-radius:0px;border-bottom-left-radius:5px;border-bottom-right-radius:5px;padding-top:32px;padding-right:32px;padding-bottom:32px;padding-left:32px\">\n<h3 class=\"wp-block-heading has-text-align-center has-medium-font-size\">Ahmet Kafal\u0131er<\/h3>\n\n\n\n<p class=\"has-text-align-center\">Y\u00f6nlendirme Sistemleri Departman\u0131 Lideri<\/p>\n<\/div>\n<\/div>\n\n\n\n<div class=\"wp-block-column is-layout-flow wp-container-core-column-is-layout-47e5a185 wp-block-column-is-layout-flow\">\n<figure class=\"wp-block-image size-full\"><img loading=\"lazy\" decoding=\"async\" width=\"1707\" height=\"2560\" src=\"https:\/\/www.kouformulastudent.com\/wp-content\/uploads\/2025\/11\/eko-scaled.png\" alt=\"\" class=\"wp-image-556\" srcset=\"https:\/\/www.kouformulastudent.com\/wp-content\/uploads\/2025\/11\/eko-scaled.png 1707w, https:\/\/www.kouformulastudent.com\/wp-content\/uploads\/2025\/11\/eko-200x300.png 200w, https:\/\/www.kouformulastudent.com\/wp-content\/uploads\/2025\/11\/eko-683x1024.png 683w, https:\/\/www.kouformulastudent.com\/wp-content\/uploads\/2025\/11\/eko-768x1152.png 768w, https:\/\/www.kouformulastudent.com\/wp-content\/uploads\/2025\/11\/eko-1024x1536.png 1024w, https:\/\/www.kouformulastudent.com\/wp-content\/uploads\/2025\/11\/eko-1365x2048.png 1365w, https:\/\/www.kouformulastudent.com\/wp-content\/uploads\/2025\/11\/eko-720x1080.png 720w\" sizes=\"auto, (max-width: 1707px) 100vw, 1707px\" \/><\/figure>\n\n\n\n<div class=\"wp-block-group has-ti-bg-background-color has-background is-layout-constrained wp-container-core-group-is-layout-430a0e02 wp-block-group-is-layout-constrained\" style=\"border-top-left-radius:0px;border-top-right-radius:0px;border-bottom-left-radius:5px;border-bottom-right-radius:5px;padding-top:32px;padding-right:32px;padding-bottom:32px;padding-left:32px\">\n<h3 class=\"wp-block-heading has-text-align-center has-medium-font-size\">Ekrem Ko\u00e7ak<\/h3>\n\n\n\n<p class=\"has-text-align-center\">\u015easi &amp; Fren Departman\u0131 Lideri<\/p>\n<\/div>\n<\/div>\n\n\n\n<div class=\"wp-block-column is-layout-flow wp-container-core-column-is-layout-47e5a185 wp-block-column-is-layout-flow\">\n<figure class=\"wp-block-image size-full\"><img loading=\"lazy\" decoding=\"async\" width=\"1707\" height=\"2560\" src=\"https:\/\/www.kouformulastudent.com\/wp-content\/uploads\/2025\/11\/enes-scaled.png\" alt=\"\" class=\"wp-image-557\" srcset=\"https:\/\/www.kouformulastudent.com\/wp-content\/uploads\/2025\/11\/enes-scaled.png 1707w, https:\/\/www.kouformulastudent.com\/wp-content\/uploads\/2025\/11\/enes-200x300.png 200w, https:\/\/www.kouformulastudent.com\/wp-content\/uploads\/2025\/11\/enes-683x1024.png 683w, https:\/\/www.kouformulastudent.com\/wp-content\/uploads\/2025\/11\/enes-768x1152.png 768w, https:\/\/www.kouformulastudent.com\/wp-content\/uploads\/2025\/11\/enes-1024x1536.png 1024w, https:\/\/www.kouformulastudent.com\/wp-content\/uploads\/2025\/11\/enes-1365x2048.png 1365w, https:\/\/www.kouformulastudent.com\/wp-content\/uploads\/2025\/11\/enes-720x1080.png 720w\" sizes=\"auto, (max-width: 1707px) 100vw, 1707px\" \/><\/figure>\n\n\n\n<div class=\"wp-block-group has-ti-bg-background-color has-background is-layout-constrained wp-container-core-group-is-layout-430a0e02 wp-block-group-is-layout-constrained\" style=\"border-radius:5px;padding-top:32px;padding-right:32px;padding-bottom:32px;padding-left:32px\">\n<h3 class=\"wp-block-heading has-text-align-center has-medium-font-size\">Enes Fatih Turan<\/h3>\n\n\n\n<p class=\"has-text-align-center\">Aerodinamik &amp; Kompozit Departman\u0131 Lideri<\/p>\n<\/div>\n<\/div>\n<\/div>\n<\/div>\n\n\n\n<div class=\"wp-block-group alignwide is-layout-flow wp-block-group-is-layout-flow\">\n<div class=\"wp-block-columns is-layout-flex wp-container-core-columns-is-layout-28f84493 wp-block-columns-is-layout-flex\">\n<div class=\"wp-block-column is-layout-flow wp-container-core-column-is-layout-47e5a185 wp-block-column-is-layout-flow\">\n<figure class=\"wp-block-image size-full\"><img loading=\"lazy\" decoding=\"async\" width=\"1707\" height=\"2560\" src=\"https:\/\/www.kouformulastudent.com\/wp-content\/uploads\/2025\/11\/inrahim-scaled.png\" alt=\"\" class=\"wp-image-558\" srcset=\"https:\/\/www.kouformulastudent.com\/wp-content\/uploads\/2025\/11\/inrahim-scaled.png 1707w, https:\/\/www.kouformulastudent.com\/wp-content\/uploads\/2025\/11\/inrahim-200x300.png 200w, https:\/\/www.kouformulastudent.com\/wp-content\/uploads\/2025\/11\/inrahim-683x1024.png 683w, https:\/\/www.kouformulastudent.com\/wp-content\/uploads\/2025\/11\/inrahim-768x1152.png 768w, https:\/\/www.kouformulastudent.com\/wp-content\/uploads\/2025\/11\/inrahim-1024x1536.png 1024w, https:\/\/www.kouformulastudent.com\/wp-content\/uploads\/2025\/11\/inrahim-1366x2048.png 1366w, https:\/\/www.kouformulastudent.com\/wp-content\/uploads\/2025\/11\/inrahim-720x1080.png 720w\" sizes=\"auto, (max-width: 1707px) 100vw, 1707px\" \/><\/figure>\n\n\n\n<div class=\"wp-block-group has-ti-bg-background-color has-background is-layout-constrained wp-container-core-group-is-layout-430a0e02 wp-block-group-is-layout-constrained\" style=\"border-top-left-radius:0px;border-top-right-radius:0px;border-bottom-left-radius:5px;border-bottom-right-radius:5px;padding-top:32px;padding-right:32px;padding-bottom:32px;padding-left:32px\">\n<h3 class=\"wp-block-heading has-text-align-center has-medium-font-size\">\u0130brahim Vural<\/h3>\n\n\n\n<p class=\"has-text-align-center\">G\u00fc\u00e7 Aktarma Sistemleri Departman\u0131 Lideri<\/p>\n<\/div>\n<\/div>\n\n\n\n<div class=\"wp-block-column is-layout-flow wp-container-core-column-is-layout-47e5a185 wp-block-column-is-layout-flow\">\n<figure class=\"wp-block-image size-full\"><img loading=\"lazy\" decoding=\"async\" width=\"1707\" height=\"2560\" src=\"https:\/\/www.kouformulastudent.com\/wp-content\/uploads\/2025\/11\/o\u2560ezge-scaled.png\" alt=\"\" class=\"wp-image-559\" srcset=\"https:\/\/www.kouformulastudent.com\/wp-content\/uploads\/2025\/11\/o\u2560ezge-scaled.png 1707w, https:\/\/www.kouformulastudent.com\/wp-content\/uploads\/2025\/11\/o\u2560ezge-200x300.png 200w, https:\/\/www.kouformulastudent.com\/wp-content\/uploads\/2025\/11\/o\u2560ezge-683x1024.png 683w, https:\/\/www.kouformulastudent.com\/wp-content\/uploads\/2025\/11\/o\u2560ezge-768x1152.png 768w, https:\/\/www.kouformulastudent.com\/wp-content\/uploads\/2025\/11\/o\u2560ezge-1024x1536.png 1024w, https:\/\/www.kouformulastudent.com\/wp-content\/uploads\/2025\/11\/o\u2560ezge-1365x2048.png 1365w, https:\/\/www.kouformulastudent.com\/wp-content\/uploads\/2025\/11\/o\u2560ezge-720x1080.png 720w\" sizes=\"auto, (max-width: 1707px) 100vw, 1707px\" \/><\/figure>\n\n\n\n<div class=\"wp-block-group has-ti-bg-background-color has-background is-layout-constrained wp-container-core-group-is-layout-430a0e02 wp-block-group-is-layout-constrained\" style=\"border-top-left-radius:0px;border-top-right-radius:0px;border-bottom-left-radius:5px;border-bottom-right-radius:5px;padding-top:32px;padding-right:32px;padding-bottom:32px;padding-left:32px\">\n<h3 class=\"wp-block-heading has-text-align-center has-medium-font-size\">\u00d6zge Bayramo\u011flu<\/h3>\n\n\n\n<p class=\"has-text-align-center\">Batarya Ve \u00c7eki\u015f Sistemleri Departman\u0131 Lideri<\/p>\n<\/div>\n<\/div>\n\n\n\n<div class=\"wp-block-column is-layout-flow wp-container-core-column-is-layout-47e5a185 wp-block-column-is-layout-flow\">\n<figure class=\"wp-block-image size-full\"><img loading=\"lazy\" decoding=\"async\" width=\"1707\" height=\"2560\" src=\"https:\/\/www.kouformulastudent.com\/wp-content\/uploads\/2025\/11\/sude-scaled.png\" alt=\"\" class=\"wp-image-560\" srcset=\"https:\/\/www.kouformulastudent.com\/wp-content\/uploads\/2025\/11\/sude-scaled.png 1707w, https:\/\/www.kouformulastudent.com\/wp-content\/uploads\/2025\/11\/sude-200x300.png 200w, https:\/\/www.kouformulastudent.com\/wp-content\/uploads\/2025\/11\/sude-683x1024.png 683w, https:\/\/www.kouformulastudent.com\/wp-content\/uploads\/2025\/11\/sude-768x1152.png 768w, https:\/\/www.kouformulastudent.com\/wp-content\/uploads\/2025\/11\/sude-1024x1536.png 1024w, https:\/\/www.kouformulastudent.com\/wp-content\/uploads\/2025\/11\/sude-1366x2048.png 1366w, https:\/\/www.kouformulastudent.com\/wp-content\/uploads\/2025\/11\/sude-720x1080.png 720w\" sizes=\"auto, (max-width: 1707px) 100vw, 1707px\" \/><\/figure>\n\n\n\n<div class=\"wp-block-group has-ti-bg-background-color has-background is-layout-constrained wp-container-core-group-is-layout-430a0e02 wp-block-group-is-layout-constrained\" style=\"border-radius:5px;padding-top:32px;padding-right:32px;padding-bottom:32px;padding-left:32px\">\n<h3 class=\"wp-block-heading has-text-align-center has-medium-font-size\">Sudenaz K\u0131r\u0131ml\u0131<\/h3>\n\n\n\n<p class=\"has-text-align-center\">S\u00fcspansiyon Departman\u0131 Lideri<\/p>\n<\/div>\n<\/div>\n<\/div>\n<\/div>\n\n\n\n<div class=\"wp-block-group alignwide is-layout-flow wp-block-group-is-layout-flow\">\n<div class=\"wp-block-columns is-layout-flex wp-container-core-columns-is-layout-28f84493 wp-block-columns-is-layout-flex\">\n<div class=\"wp-block-column is-layout-flow wp-container-core-column-is-layout-47e5a185 wp-block-column-is-layout-flow\">\n<figure class=\"wp-block-image size-full\"><img loading=\"lazy\" decoding=\"async\" width=\"1706\" height=\"2560\" src=\"https:\/\/www.kouformulastudent.com\/wp-content\/uploads\/2025\/11\/yaren-scaled.png\" alt=\"\" class=\"wp-image-561\" srcset=\"https:\/\/www.kouformulastudent.com\/wp-content\/uploads\/2025\/11\/yaren-scaled.png 1706w, https:\/\/www.kouformulastudent.com\/wp-content\/uploads\/2025\/11\/yaren-200x300.png 200w, https:\/\/www.kouformulastudent.com\/wp-content\/uploads\/2025\/11\/yaren-683x1024.png 683w, https:\/\/www.kouformulastudent.com\/wp-content\/uploads\/2025\/11\/yaren-768x1152.png 768w, https:\/\/www.kouformulastudent.com\/wp-content\/uploads\/2025\/11\/yaren-1024x1536.png 1024w, https:\/\/www.kouformulastudent.com\/wp-content\/uploads\/2025\/11\/yaren-1365x2048.png 1365w, https:\/\/www.kouformulastudent.com\/wp-content\/uploads\/2025\/11\/yaren-720x1080.png 720w\" sizes=\"auto, (max-width: 1706px) 100vw, 1706px\" \/><\/figure>\n\n\n\n<div class=\"wp-block-group has-ti-bg-background-color has-background is-layout-constrained wp-container-core-group-is-layout-430a0e02 wp-block-group-is-layout-constrained\" style=\"border-top-left-radius:0px;border-top-right-radius:0px;border-bottom-left-radius:5px;border-bottom-right-radius:5px;padding-top:32px;padding-right:32px;padding-bottom:32px;padding-left:32px\">\n<h3 class=\"wp-block-heading has-text-align-center has-medium-font-size\">Yaren F\u0131r\u0131nc\u0131<\/h3>\n\n\n\n<p class=\"has-text-align-center\">Finans Departman\u0131 Lideri<\/p>\n<\/div>\n<\/div>\n\n\n\n<div class=\"wp-block-column is-layout-flow wp-container-core-column-is-layout-47e5a185 wp-block-column-is-layout-flow\">\n<figure class=\"wp-block-image size-full\"><img loading=\"lazy\" decoding=\"async\" width=\"1706\" height=\"2560\" src=\"https:\/\/www.kouformulastudent.com\/wp-content\/uploads\/2025\/11\/yunus-scaled.png\" alt=\"\" class=\"wp-image-562\" srcset=\"https:\/\/www.kouformulastudent.com\/wp-content\/uploads\/2025\/11\/yunus-scaled.png 1706w, https:\/\/www.kouformulastudent.com\/wp-content\/uploads\/2025\/11\/yunus-200x300.png 200w, https:\/\/www.kouformulastudent.com\/wp-content\/uploads\/2025\/11\/yunus-682x1024.png 682w, https:\/\/www.kouformulastudent.com\/wp-content\/uploads\/2025\/11\/yunus-768x1153.png 768w, https:\/\/www.kouformulastudent.com\/wp-content\/uploads\/2025\/11\/yunus-1023x1536.png 1023w, https:\/\/www.kouformulastudent.com\/wp-content\/uploads\/2025\/11\/yunus-1365x2048.png 1365w, https:\/\/www.kouformulastudent.com\/wp-content\/uploads\/2025\/11\/yunus-720x1080.png 720w\" sizes=\"auto, (max-width: 1706px) 100vw, 1706px\" \/><\/figure>\n\n\n\n<div class=\"wp-block-group has-ti-bg-background-color has-background is-layout-constrained wp-container-core-group-is-layout-430a0e02 wp-block-group-is-layout-constrained\" style=\"border-top-left-radius:0px;border-top-right-radius:0px;border-bottom-left-radius:5px;border-bottom-right-radius:5px;padding-top:32px;padding-right:32px;padding-bottom:32px;padding-left:32px\">\n<h3 class=\"wp-block-heading has-text-align-center has-medium-font-size\">Yunus Emre Filiz<\/h3>\n\n\n\n<p class=\"has-text-align-center\">Elektronik Departman\u0131 Lideri<\/p>\n<\/div>\n<\/div>\n\n\n\n<div class=\"wp-block-column is-layout-flow wp-container-core-column-is-layout-47e5a185 wp-block-column-is-layout-flow\">\n<figure class=\"wp-block-image size-full\"><img loading=\"lazy\" decoding=\"async\" width=\"1706\" height=\"2560\" src=\"https:\/\/www.kouformulastudent.com\/wp-content\/uploads\/2025\/11\/yunuskaptan-scaled.png\" alt=\"\" class=\"wp-image-563\" srcset=\"https:\/\/www.kouformulastudent.com\/wp-content\/uploads\/2025\/11\/yunuskaptan-scaled.png 1706w, https:\/\/www.kouformulastudent.com\/wp-content\/uploads\/2025\/11\/yunuskaptan-200x300.png 200w, https:\/\/www.kouformulastudent.com\/wp-content\/uploads\/2025\/11\/yunuskaptan-683x1024.png 683w, https:\/\/www.kouformulastudent.com\/wp-content\/uploads\/2025\/11\/yunuskaptan-768x1152.png 768w, https:\/\/www.kouformulastudent.com\/wp-content\/uploads\/2025\/11\/yunuskaptan-1024x1536.png 1024w, https:\/\/www.kouformulastudent.com\/wp-content\/uploads\/2025\/11\/yunuskaptan-1365x2048.png 1365w, https:\/\/www.kouformulastudent.com\/wp-content\/uploads\/2025\/11\/yunuskaptan-720x1080.png 720w\" sizes=\"auto, (max-width: 1706px) 100vw, 1706px\" \/><\/figure>\n\n\n\n<div class=\"wp-block-group has-ti-bg-background-color has-background is-layout-constrained wp-container-core-group-is-layout-430a0e02 wp-block-group-is-layout-constrained\" style=\"border-radius:5px;padding-top:32px;padding-right:32px;padding-bottom:32px;padding-left:32px\">\n<h3 class=\"wp-block-heading has-text-align-center has-medium-font-size\">Yunus Emre Say\u0131l\u0131r<\/h3>\n\n\n\n<p class=\"has-text-align-center\">Organizasyon Departman\u0131 Lideri<\/p>\n<\/div>\n<\/div>\n<\/div>\n<\/div>\n<\/div>\n\n\n\n<div class=\"wp-block-group is-layout-constrained wp-container-core-group-is-layout-081cea82 wp-block-group-is-layout-constrained\">\n<h2 class=\"wp-block-heading has-text-align-center\">Maskot<\/h2>\n\n\n\n<div class=\"wp-block-group is-layout-constrained wp-block-group-is-layout-constrained\">\n<div class=\"wp-block-columns is-layout-flex wp-container-core-columns-is-layout-28f84493 wp-block-columns-is-layout-flex\">\n<div class=\"wp-block-column is-layout-flow wp-block-column-is-layout-flow\" style=\"flex-basis:100%\">\n<div class=\"wp-block-group alignfull has-ti-bg-alt-background-color has-background is-layout-constrained wp-container-core-group-is-layout-352a731e wp-block-group-is-layout-constrained\" style=\"margin-top:0px;margin-bottom:0px;padding-top:64px;padding-bottom:64px\">\n<div class=\"wp-block-group alignwide is-layout-flow wp-block-group-is-layout-flow\">\n<div class=\"wp-block-columns is-layout-flex wp-container-core-columns-is-layout-28f84493 wp-block-columns-is-layout-flex\">\n<div class=\"wp-block-column is-layout-flow wp-container-core-column-is-layout-47e5a185 wp-block-column-is-layout-flow\">\n<figure class=\"wp-block-image size-full\"><img loading=\"lazy\" decoding=\"async\" width=\"768\" height=\"1024\" src=\"https:\/\/www.kouformulastudent.com\/wp-content\/uploads\/2023\/10\/WhatsApp-Image-2023-10-16-at-17.32.02.jpeg\" alt=\"\" class=\"wp-image-268\" style=\"object-fit:cover\" srcset=\"https:\/\/www.kouformulastudent.com\/wp-content\/uploads\/2023\/10\/WhatsApp-Image-2023-10-16-at-17.32.02.jpeg 768w, https:\/\/www.kouformulastudent.com\/wp-content\/uploads\/2023\/10\/WhatsApp-Image-2023-10-16-at-17.32.02-225x300.jpeg 225w\" sizes=\"auto, (max-width: 768px) 100vw, 768px\" \/><\/figure>\n\n\n\n<div class=\"wp-block-group has-ti-bg-background-color has-background is-layout-constrained wp-container-core-group-is-layout-430a0e02 wp-block-group-is-layout-constrained\" style=\"border-top-left-radius:0px;border-top-right-radius:0px;border-bottom-left-radius:5px;border-bottom-right-radius:5px;padding-top:32px;padding-right:32px;padding-bottom:32px;padding-left:32px\">\n<h3 class=\"wp-block-heading has-text-align-center has-medium-font-size\">Zeytin<\/h3>\n\n\n\n<p class=\"has-text-align-center\">Nam-\u0131 Di\u011fer &#8220;H\u0131rs\u0131z&#8221;<\/p>\n<\/div>\n<\/div>\n<\/div>\n<\/div>\n<\/div>\n<\/div>\n<\/div>\n<\/div>\n<\/div>\n","protected":false},"excerpt":{"rendered":"<p>Tak\u0131m Dan\u0131\u015fmanlar\u0131m\u0131z Do\u00e7. Dr. As\u0131m G\u00fcven Tak\u0131m Dan\u0131\u015fman\u0131 Eser Yarar Tak\u0131m Dan\u0131\u015fman\u0131 Tak\u0131m Kaptan\u0131 Yunus Emre Say\u0131l\u0131r Tak\u0131m Kaptan\u0131 Departman Liderleri Ahmet Kafal\u0131er Y\u00f6nlendirme Sistemleri Departman\u0131 Lideri Ekrem Ko\u00e7ak \u015easi &amp; Fren Departman\u0131 Lideri Enes Fatih Turan Aerodinamik &amp; Kompozit Departman\u0131 Lideri \u0130brahim Vural G\u00fc\u00e7 Aktarma Sistemleri Departman\u0131 Lideri \u00d6zge Bayramo\u011flu Batarya Ve \u00c7eki\u015f Sistemleri [&hellip;]<\/p>\n","protected":false},"author":1,"featured_media":0,"parent":0,"menu_order":0,"comment_status":"closed","ping_status":"closed","template":"","meta":{"_themeisle_gutenberg_block_has_review":false,"footnotes":""},"class_list":["post-649","page","type-page","status-publish","hentry"],"_links":{"self":[{"href":"https:\/\/www.kouformulastudent.com\/index.php\/wp-json\/wp\/v2\/pages\/649","targetHints":{"allow":["GET"]}}],"collection":[{"href":"https:\/\/www.kouformulastudent.com\/index.php\/wp-json\/wp\/v2\/pages"}],"about":[{"href":"https:\/\/www.kouformulastudent.com\/index.php\/wp-json\/wp\/v2\/types\/page"}],"author":[{"embeddable":true,"href":"https:\/\/www.kouformulastudent.com\/index.php\/wp-json\/wp\/v2\/users\/1"}],"replies":[{"embeddable":true,"href":"https:\/\/www.kouformulastudent.com\/index.php\/wp-json\/wp\/v2\/comments?post=649"}],"version-history":[{"count":6,"href":"https:\/\/www.kouformulastudent.com\/index.php\/wp-json\/wp\/v2\/pages\/649\/revisions"}],"predecessor-version":[{"id":808,"href":"https:\/\/www.kouformulastudent.com\/index.php\/wp-json\/wp\/v2\/pages\/649\/revisions\/808"}],"wp:attachment":[{"href":"https:\/\/www.kouformulastudent.com\/index.php\/wp-json\/wp\/v2\/media?parent=649"}],"curies":[{"name":"wp","href":"https:\/\/api.w.org\/{rel}","templated":true}]}}