{"id":679,"date":"2025-11-09T18:04:32","date_gmt":"2025-11-09T15:04:32","guid":{"rendered":"https:\/\/www.kouformulastudent.com\/?page_id=679"},"modified":"2025-11-09T18:04:33","modified_gmt":"2025-11-09T15:04:33","slug":"yarisma-hakkinda","status":"publish","type":"page","link":"https:\/\/www.kouformulastudent.com\/index.php\/yarisma-hakkinda\/","title":{"rendered":"Yar\u0131\u015fma Hakk\u0131nda"},"content":{"rendered":"\n<div class=\"wp-block-columns is-layout-flex wp-container-core-columns-is-layout-28f84493 wp-block-columns-is-layout-flex\">\n<div class=\"wp-block-column is-layout-flow wp-block-column-is-layout-flow\" style=\"flex-basis:66.66%\">\n<p>Formula Student, \u00fcniversite \u00f6\u011frencilerinin tasarlay\u0131p \u00fcrettikleri yar\u0131\u015f ara\u00e7lar\u0131yla hem pist performans\u0131nda hem de m\u00fchendislik sunumlar\u0131nda k\u00fcresel \u00e7apta yar\u0131\u015ft\u0131\u011f\u0131 d\u00fcnyan\u0131n en prestijli organizasyonudur. Sadece h\u0131z\u0131 de\u011fil, ayn\u0131 zamanda teknik inovasyonu, maliyet y\u00f6netimini ve i\u015f plan\u0131n\u0131 da test ederek \u00f6\u011frencileri ger\u00e7ek bir otomotiv \u015firketi gibi \u00e7al\u0131\u015fmaya zorlar. Bu zorlu s\u00fcre\u00e7, teorik bilgiyi e\u015fsiz bir pratik tecr\u00fcbeye d\u00f6n\u00fc\u015ft\u00fcrerek gelece\u011fin m\u00fchendis liderlerini yeti\u015ftirir.<\/p>\n<\/div>\n\n\n\n<div class=\"wp-block-column is-layout-flow wp-block-column-is-layout-flow\" style=\"flex-basis:33.33%\">\n<figure class=\"wp-block-image size-full\"><img loading=\"lazy\" decoding=\"async\" width=\"376\" height=\"461\" src=\"https:\/\/www.kouformulastudent.com\/wp-content\/uploads\/2023\/10\/Ekran-goruntusu-2022-05-29-180134.png\" alt=\"\" class=\"wp-image-100\" srcset=\"https:\/\/www.kouformulastudent.com\/wp-content\/uploads\/2023\/10\/Ekran-goruntusu-2022-05-29-180134.png 376w, https:\/\/www.kouformulastudent.com\/wp-content\/uploads\/2023\/10\/Ekran-goruntusu-2022-05-29-180134-245x300.png 245w\" sizes=\"auto, (max-width: 376px) 100vw, 376px\" \/><\/figure>\n<\/div>\n<\/div>\n\n\n\n<hr class=\"wp-block-separator has-alpha-channel-opacity is-style-wide\"\/>\n\n\n\n<h2 class=\"wp-block-heading\">Nas\u0131l De\u011ferlendiriliyoruz?<\/h2>\n\n\n\n<h4 class=\"wp-block-heading\">1. Statik Etaplar<\/h4>\n\n\n\n<div class=\"wp-block-columns is-layout-flex wp-container-core-columns-is-layout-28f84493 wp-block-columns-is-layout-flex\">\n<div class=\"wp-block-column is-layout-flow wp-block-column-is-layout-flow\" style=\"flex-basis:33.33%\">\n<figure class=\"wp-block-image size-large\"><img loading=\"lazy\" decoding=\"async\" width=\"1025\" height=\"1025\" src=\"https:\/\/www.kouformulastudent.com\/wp-content\/uploads\/2025\/11\/SAE_3978-edited-1.jpg\" alt=\"\" class=\"wp-image-715\" srcset=\"https:\/\/www.kouformulastudent.com\/wp-content\/uploads\/2025\/11\/SAE_3978-edited-1.jpg 1025w, https:\/\/www.kouformulastudent.com\/wp-content\/uploads\/2025\/11\/SAE_3978-edited-1-300x300.jpg 300w, https:\/\/www.kouformulastudent.com\/wp-content\/uploads\/2025\/11\/SAE_3978-edited-1-150x150.jpg 150w, https:\/\/www.kouformulastudent.com\/wp-content\/uploads\/2025\/11\/SAE_3978-edited-1-768x768.jpg 768w\" sizes=\"auto, (max-width: 1025px) 100vw, 1025px\" \/><\/figure>\n<\/div>\n\n\n\n<div class=\"wp-block-column is-layout-flow wp-block-column-is-layout-flow\" style=\"flex-basis:66.66%\">\n<p>Bu etapta ara\u00e7 piste \u00e7\u0131kmadan \u00f6nce, tasar\u0131m\u0131m\u0131z\u0131n m\u00fchendislik kalitesini, \u00fcretim maliyetlerimizin ger\u00e7ek\u00e7ili\u011fini ve konsept projemizin ticari olarak uygulanabilirli\u011fini end\u00fcstri uzmanlar\u0131ndan olu\u015fan j\u00fcrilere kar\u015f\u0131 savunuruz.<\/p>\n\n\n\n<ul class=\"wp-block-list\">\n<li><strong>M\u00fchendislik Tasar\u0131m\u0131 (Design Event)<\/strong><\/li>\n\n\n\n<li><strong>Maliyet ve \u00dcretim Analizi (Cost Event)<\/strong><\/li>\n\n\n\n<li><strong>\u0130\u015f Plan\u0131 Sunumu (Business Presentation)<\/strong><\/li>\n<\/ul>\n<\/div>\n<\/div>\n\n\n\n<figure class=\"wp-block-gallery has-nested-images columns-default is-cropped wp-block-gallery-1 is-layout-flex wp-block-gallery-is-layout-flex\">\n<figure class=\"wp-block-image size-large\"><img loading=\"lazy\" decoding=\"async\" width=\"1024\" height=\"683\" data-id=\"703\" src=\"https:\/\/www.kouformulastudent.com\/wp-content\/uploads\/2025\/11\/SAE_3960-1-1024x683.jpg\" alt=\"\" class=\"wp-image-703\" srcset=\"https:\/\/www.kouformulastudent.com\/wp-content\/uploads\/2025\/11\/SAE_3960-1-1024x683.jpg 1024w, https:\/\/www.kouformulastudent.com\/wp-content\/uploads\/2025\/11\/SAE_3960-1-300x200.jpg 300w, https:\/\/www.kouformulastudent.com\/wp-content\/uploads\/2025\/11\/SAE_3960-1-768x512.jpg 768w, https:\/\/www.kouformulastudent.com\/wp-content\/uploads\/2025\/11\/SAE_3960-1-1536x1024.jpg 1536w, https:\/\/www.kouformulastudent.com\/wp-content\/uploads\/2025\/11\/SAE_3960-1.jpg 2048w\" sizes=\"auto, (max-width: 1024px) 100vw, 1024px\" \/><\/figure>\n\n\n\n<figure class=\"wp-block-image size-large\"><img loading=\"lazy\" decoding=\"async\" width=\"1024\" height=\"683\" data-id=\"707\" src=\"https:\/\/www.kouformulastudent.com\/wp-content\/uploads\/2025\/11\/SAE_4196-1024x683.jpg\" alt=\"\" class=\"wp-image-707\" srcset=\"https:\/\/www.kouformulastudent.com\/wp-content\/uploads\/2025\/11\/SAE_4196-1024x683.jpg 1024w, https:\/\/www.kouformulastudent.com\/wp-content\/uploads\/2025\/11\/SAE_4196-300x200.jpg 300w, https:\/\/www.kouformulastudent.com\/wp-content\/uploads\/2025\/11\/SAE_4196-768x512.jpg 768w, https:\/\/www.kouformulastudent.com\/wp-content\/uploads\/2025\/11\/SAE_4196-1536x1024.jpg 1536w, https:\/\/www.kouformulastudent.com\/wp-content\/uploads\/2025\/11\/SAE_4196.jpg 2048w\" sizes=\"auto, (max-width: 1024px) 100vw, 1024px\" \/><\/figure>\n\n\n\n<figure class=\"wp-block-image size-large\"><img loading=\"lazy\" decoding=\"async\" width=\"1024\" height=\"646\" data-id=\"704\" src=\"https:\/\/www.kouformulastudent.com\/wp-content\/uploads\/2025\/11\/Ekran-goruntusu-2025-11-09-173913-1024x646.png\" alt=\"\" class=\"wp-image-704\" srcset=\"https:\/\/www.kouformulastudent.com\/wp-content\/uploads\/2025\/11\/Ekran-goruntusu-2025-11-09-173913-1024x646.png 1024w, https:\/\/www.kouformulastudent.com\/wp-content\/uploads\/2025\/11\/Ekran-goruntusu-2025-11-09-173913-300x189.png 300w, https:\/\/www.kouformulastudent.com\/wp-content\/uploads\/2025\/11\/Ekran-goruntusu-2025-11-09-173913-768x484.png 768w, https:\/\/www.kouformulastudent.com\/wp-content\/uploads\/2025\/11\/Ekran-goruntusu-2025-11-09-173913.png 1175w\" sizes=\"auto, (max-width: 1024px) 100vw, 1024px\" \/><\/figure>\n\n\n\n<figure class=\"wp-block-image size-large\"><img loading=\"lazy\" decoding=\"async\" width=\"1024\" height=\"763\" data-id=\"705\" src=\"https:\/\/www.kouformulastudent.com\/wp-content\/uploads\/2025\/11\/Ekran-goruntusu-2025-11-09-173937-1024x763.png\" alt=\"\" class=\"wp-image-705\" srcset=\"https:\/\/www.kouformulastudent.com\/wp-content\/uploads\/2025\/11\/Ekran-goruntusu-2025-11-09-173937-1024x763.png 1024w, https:\/\/www.kouformulastudent.com\/wp-content\/uploads\/2025\/11\/Ekran-goruntusu-2025-11-09-173937-300x224.png 300w, https:\/\/www.kouformulastudent.com\/wp-content\/uploads\/2025\/11\/Ekran-goruntusu-2025-11-09-173937-768x572.png 768w, https:\/\/www.kouformulastudent.com\/wp-content\/uploads\/2025\/11\/Ekran-goruntusu-2025-11-09-173937-1536x1145.png 1536w, https:\/\/www.kouformulastudent.com\/wp-content\/uploads\/2025\/11\/Ekran-goruntusu-2025-11-09-173937.png 1605w\" sizes=\"auto, (max-width: 1024px) 100vw, 1024px\" \/><\/figure>\n\n\n\n<figure class=\"wp-block-image size-large\"><img loading=\"lazy\" decoding=\"async\" width=\"1024\" height=\"683\" data-id=\"706\" src=\"https:\/\/www.kouformulastudent.com\/wp-content\/uploads\/2025\/11\/SAE_3667-1024x683.jpg\" alt=\"\" class=\"wp-image-706\" srcset=\"https:\/\/www.kouformulastudent.com\/wp-content\/uploads\/2025\/11\/SAE_3667-1024x683.jpg 1024w, https:\/\/www.kouformulastudent.com\/wp-content\/uploads\/2025\/11\/SAE_3667-300x200.jpg 300w, https:\/\/www.kouformulastudent.com\/wp-content\/uploads\/2025\/11\/SAE_3667-768x512.jpg 768w, https:\/\/www.kouformulastudent.com\/wp-content\/uploads\/2025\/11\/SAE_3667-1536x1024.jpg 1536w, https:\/\/www.kouformulastudent.com\/wp-content\/uploads\/2025\/11\/SAE_3667.jpg 2048w\" sizes=\"auto, (max-width: 1024px) 100vw, 1024px\" \/><\/figure>\n\n\n\n<figure class=\"wp-block-image size-large\"><img loading=\"lazy\" decoding=\"async\" width=\"1024\" height=\"683\" data-id=\"708\" src=\"https:\/\/www.kouformulastudent.com\/wp-content\/uploads\/2025\/11\/SAE_4344-1024x683.jpg\" alt=\"\" class=\"wp-image-708\" srcset=\"https:\/\/www.kouformulastudent.com\/wp-content\/uploads\/2025\/11\/SAE_4344-1024x683.jpg 1024w, https:\/\/www.kouformulastudent.com\/wp-content\/uploads\/2025\/11\/SAE_4344-300x200.jpg 300w, https:\/\/www.kouformulastudent.com\/wp-content\/uploads\/2025\/11\/SAE_4344-768x512.jpg 768w, https:\/\/www.kouformulastudent.com\/wp-content\/uploads\/2025\/11\/SAE_4344-1536x1024.jpg 1536w, https:\/\/www.kouformulastudent.com\/wp-content\/uploads\/2025\/11\/SAE_4344.jpg 2048w\" sizes=\"auto, (max-width: 1024px) 100vw, 1024px\" \/><\/figure>\n<\/figure>\n\n\n\n<hr class=\"wp-block-separator has-alpha-channel-opacity is-style-wide\"\/>\n\n\n\n<h4 class=\"wp-block-heading\">2. Teknik \u0130nceleme<\/h4>\n\n\n\n<div class=\"wp-block-columns is-layout-flex wp-container-core-columns-is-layout-28f84493 wp-block-columns-is-layout-flex\">\n<div class=\"wp-block-column is-layout-flow wp-block-column-is-layout-flow\" style=\"flex-basis:66.66%\">\n<p>Piste \u00e7\u0131kman\u0131n ilk kural\u0131, g\u00fcvenli ve kurallara uygun bir ara\u00e7 \u00fcretmektir. Tak\u0131mlar aylar s\u00fcren \u00e7al\u0131\u015fmalar\u0131n\u0131 yar\u0131\u015f alan\u0131nda ilk olarak bu zorlu testlerden ge\u00e7irirler.<\/p>\n\n\n\n<ul class=\"wp-block-list\">\n<li><strong>Teknik \u0130nceleme (Scrutineering):<\/strong> Arac\u0131n her bir c\u0131vatas\u0131ndan g\u00fcvenlik ekipmanlar\u0131na kadar, y\u00fczlerce sayfadan olu\u015fan kurallar kitab\u0131na %100 uygunlu\u011fu denetlenir. Tek bir eksik, yar\u0131\u015f d\u0131\u015f\u0131 kalmak demektir.<\/li>\n\n\n\n<li><strong>Fren, G\u00fcr\u00fclt\u00fc ve E\u011fim Testleri:<\/strong> Arac\u0131n 4 tekerle\u011fini de kilitleyebildi\u011fi, belirli ses s\u0131n\u0131rlar\u0131n\u0131 a\u015fmad\u0131\u011f\u0131 ve 60 derecelik e\u011fimde s\u0131v\u0131 s\u0131zd\u0131rmadan durabildi\u011fi fiziksel olarak test edilir.<\/li>\n\n\n\n<li><strong>Batarya ve Elektrik Sistemleri \u0130ncelemesi (E-Scrutineering):<\/strong> Elektrikli ara\u00e7lar i\u00e7in hayati \u00f6nem ta\u015f\u0131r. Y\u00fcksek voltajl\u0131 batarya paketinin izolasyonu, g\u00fcvenlik devreleri en \u00fcst d\u00fczey g\u00fcvenlik standartlar\u0131na g\u00f6re titizlikle incelenir. <strong>Bu testi ge\u00e7emeyen bir elektrikli ara\u00e7 asla \u00e7al\u0131\u015ft\u0131r\u0131lamaz.<\/strong><\/li>\n<\/ul>\n<\/div>\n\n\n\n<div class=\"wp-block-column is-layout-flow wp-block-column-is-layout-flow\" style=\"flex-basis:33.33%\">\n<figure class=\"wp-block-image size-large\"><img loading=\"lazy\" decoding=\"async\" width=\"768\" height=\"1365\" src=\"https:\/\/www.kouformulastudent.com\/wp-content\/uploads\/2025\/11\/SAE_3047-edited.jpg\" alt=\"\" class=\"wp-image-709\" srcset=\"https:\/\/www.kouformulastudent.com\/wp-content\/uploads\/2025\/11\/SAE_3047-edited.jpg 768w, https:\/\/www.kouformulastudent.com\/wp-content\/uploads\/2025\/11\/SAE_3047-edited-169x300.jpg 169w, https:\/\/www.kouformulastudent.com\/wp-content\/uploads\/2025\/11\/SAE_3047-edited-576x1024.jpg 576w\" sizes=\"auto, (max-width: 768px) 100vw, 768px\" \/><\/figure>\n<\/div>\n<\/div>\n\n\n\n<figure class=\"wp-block-gallery has-nested-images columns-default is-cropped wp-block-gallery-2 is-layout-flex wp-block-gallery-is-layout-flex\">\n<figure class=\"wp-block-image size-large\"><img loading=\"lazy\" decoding=\"async\" width=\"683\" height=\"1024\" data-id=\"696\" src=\"https:\/\/www.kouformulastudent.com\/wp-content\/uploads\/2025\/11\/SAE_3301-683x1024.jpg\" alt=\"\" class=\"wp-image-696\" srcset=\"https:\/\/www.kouformulastudent.com\/wp-content\/uploads\/2025\/11\/SAE_3301-683x1024.jpg 683w, https:\/\/www.kouformulastudent.com\/wp-content\/uploads\/2025\/11\/SAE_3301-200x300.jpg 200w, https:\/\/www.kouformulastudent.com\/wp-content\/uploads\/2025\/11\/SAE_3301-768x1152.jpg 768w, https:\/\/www.kouformulastudent.com\/wp-content\/uploads\/2025\/11\/SAE_3301-1024x1536.jpg 1024w, https:\/\/www.kouformulastudent.com\/wp-content\/uploads\/2025\/11\/SAE_3301.jpg 1365w\" sizes=\"auto, (max-width: 683px) 100vw, 683px\" \/><\/figure>\n\n\n\n<figure class=\"wp-block-image size-large\"><img loading=\"lazy\" decoding=\"async\" width=\"1024\" height=\"683\" data-id=\"689\" src=\"https:\/\/www.kouformulastudent.com\/wp-content\/uploads\/2025\/11\/SAE_3677-1024x683.jpg\" alt=\"\" class=\"wp-image-689\" srcset=\"https:\/\/www.kouformulastudent.com\/wp-content\/uploads\/2025\/11\/SAE_3677-1024x683.jpg 1024w, https:\/\/www.kouformulastudent.com\/wp-content\/uploads\/2025\/11\/SAE_3677-300x200.jpg 300w, https:\/\/www.kouformulastudent.com\/wp-content\/uploads\/2025\/11\/SAE_3677-768x512.jpg 768w, https:\/\/www.kouformulastudent.com\/wp-content\/uploads\/2025\/11\/SAE_3677-1536x1024.jpg 1536w, https:\/\/www.kouformulastudent.com\/wp-content\/uploads\/2025\/11\/SAE_3677.jpg 2048w\" sizes=\"auto, (max-width: 1024px) 100vw, 1024px\" \/><\/figure>\n\n\n\n<figure class=\"wp-block-image size-large\"><img loading=\"lazy\" decoding=\"async\" width=\"1024\" height=\"683\" data-id=\"698\" src=\"https:\/\/www.kouformulastudent.com\/wp-content\/uploads\/2025\/11\/SAE_3209-1024x683.jpg\" alt=\"\" class=\"wp-image-698\" srcset=\"https:\/\/www.kouformulastudent.com\/wp-content\/uploads\/2025\/11\/SAE_3209-1024x683.jpg 1024w, https:\/\/www.kouformulastudent.com\/wp-content\/uploads\/2025\/11\/SAE_3209-300x200.jpg 300w, https:\/\/www.kouformulastudent.com\/wp-content\/uploads\/2025\/11\/SAE_3209-768x512.jpg 768w, https:\/\/www.kouformulastudent.com\/wp-content\/uploads\/2025\/11\/SAE_3209-1536x1024.jpg 1536w, https:\/\/www.kouformulastudent.com\/wp-content\/uploads\/2025\/11\/SAE_3209.jpg 2048w\" sizes=\"auto, (max-width: 1024px) 100vw, 1024px\" \/><\/figure>\n\n\n\n<figure class=\"wp-block-image size-large\"><img loading=\"lazy\" decoding=\"async\" width=\"1024\" height=\"683\" data-id=\"677\" src=\"https:\/\/www.kouformulastudent.com\/wp-content\/uploads\/2025\/11\/WhatsApp-Gorsel-2025-11-07-saat-18.50.24_a06a3a4a-1024x683.jpg\" alt=\"\" class=\"wp-image-677\" srcset=\"https:\/\/www.kouformulastudent.com\/wp-content\/uploads\/2025\/11\/WhatsApp-Gorsel-2025-11-07-saat-18.50.24_a06a3a4a-1024x683.jpg 1024w, https:\/\/www.kouformulastudent.com\/wp-content\/uploads\/2025\/11\/WhatsApp-Gorsel-2025-11-07-saat-18.50.24_a06a3a4a-300x200.jpg 300w, https:\/\/www.kouformulastudent.com\/wp-content\/uploads\/2025\/11\/WhatsApp-Gorsel-2025-11-07-saat-18.50.24_a06a3a4a-768x512.jpg 768w, https:\/\/www.kouformulastudent.com\/wp-content\/uploads\/2025\/11\/WhatsApp-Gorsel-2025-11-07-saat-18.50.24_a06a3a4a-1536x1024.jpg 1536w, https:\/\/www.kouformulastudent.com\/wp-content\/uploads\/2025\/11\/WhatsApp-Gorsel-2025-11-07-saat-18.50.24_a06a3a4a.jpg 2048w\" sizes=\"auto, (max-width: 1024px) 100vw, 1024px\" \/><\/figure>\n\n\n\n<figure class=\"wp-block-image size-large\"><img loading=\"lazy\" decoding=\"async\" width=\"1024\" height=\"683\" data-id=\"710\" src=\"https:\/\/www.kouformulastudent.com\/wp-content\/uploads\/2025\/11\/SAE_3329-1024x683.jpg\" alt=\"\" class=\"wp-image-710\" srcset=\"https:\/\/www.kouformulastudent.com\/wp-content\/uploads\/2025\/11\/SAE_3329-1024x683.jpg 1024w, https:\/\/www.kouformulastudent.com\/wp-content\/uploads\/2025\/11\/SAE_3329-300x200.jpg 300w, https:\/\/www.kouformulastudent.com\/wp-content\/uploads\/2025\/11\/SAE_3329-768x512.jpg 768w, https:\/\/www.kouformulastudent.com\/wp-content\/uploads\/2025\/11\/SAE_3329-1536x1024.jpg 1536w, https:\/\/www.kouformulastudent.com\/wp-content\/uploads\/2025\/11\/SAE_3329.jpg 2048w\" sizes=\"auto, (max-width: 1024px) 100vw, 1024px\" \/><\/figure>\n\n\n\n<figure class=\"wp-block-image size-large\"><img loading=\"lazy\" decoding=\"async\" width=\"1024\" height=\"683\" data-id=\"711\" src=\"https:\/\/www.kouformulastudent.com\/wp-content\/uploads\/2025\/11\/SAE_3357-1024x683.jpg\" alt=\"\" class=\"wp-image-711\" srcset=\"https:\/\/www.kouformulastudent.com\/wp-content\/uploads\/2025\/11\/SAE_3357-1024x683.jpg 1024w, https:\/\/www.kouformulastudent.com\/wp-content\/uploads\/2025\/11\/SAE_3357-300x200.jpg 300w, https:\/\/www.kouformulastudent.com\/wp-content\/uploads\/2025\/11\/SAE_3357-768x512.jpg 768w, https:\/\/www.kouformulastudent.com\/wp-content\/uploads\/2025\/11\/SAE_3357-1536x1024.jpg 1536w, https:\/\/www.kouformulastudent.com\/wp-content\/uploads\/2025\/11\/SAE_3357.jpg 2048w\" sizes=\"auto, (max-width: 1024px) 100vw, 1024px\" \/><\/figure>\n<\/figure>\n\n\n\n<hr class=\"wp-block-separator has-alpha-channel-opacity is-style-wide\"\/>\n\n\n\n<h4 class=\"wp-block-heading\">3. Dinamik Etaplar (Pist Performans\u0131)<\/h4>\n\n\n\n<div class=\"wp-block-columns is-layout-flex wp-container-core-columns-is-layout-28f84493 wp-block-columns-is-layout-flex\">\n<div class=\"wp-block-column is-layout-flow wp-block-column-is-layout-flow\" style=\"flex-basis:33.33%\">\n<figure class=\"wp-block-image size-large\"><img loading=\"lazy\" decoding=\"async\" width=\"768\" height=\"768\" src=\"https:\/\/www.kouformulastudent.com\/wp-content\/uploads\/2025\/11\/SAE_4590-edited-1.jpg\" alt=\"\" class=\"wp-image-714\" srcset=\"https:\/\/www.kouformulastudent.com\/wp-content\/uploads\/2025\/11\/SAE_4590-edited-1.jpg 768w, https:\/\/www.kouformulastudent.com\/wp-content\/uploads\/2025\/11\/SAE_4590-edited-1-300x300.jpg 300w, https:\/\/www.kouformulastudent.com\/wp-content\/uploads\/2025\/11\/SAE_4590-edited-1-150x150.jpg 150w\" sizes=\"auto, (max-width: 768px) 100vw, 768px\" \/><\/figure>\n<\/div>\n\n\n\n<div class=\"wp-block-column is-layout-flow wp-block-column-is-layout-flow\" style=\"flex-basis:66.66%\">\n<p>M\u00fchendisli\u011fimizin asfalttaki kar\u015f\u0131l\u0131\u011f\u0131n\u0131 ald\u0131\u011f\u0131m\u0131z b\u00f6l\u00fcmd\u00fcr.<\/p>\n\n\n\n<ul class=\"wp-block-list\">\n<li><strong>H\u0131zlanma (Acceleration):<\/strong> 75 metrelik d\u00fczl\u00fck performans\u0131.<\/li>\n\n\n\n<li><strong>Skid-Pad:<\/strong> 8 \u015feklindeki pistte viraj kabiliyeti.<\/li>\n\n\n\n<li><strong>Otokros (Autocross):<\/strong> Yakla\u015f\u0131k 1 km&#8217;lik teknik pistteki tek tur h\u0131z\u0131.<\/li>\n\n\n\n<li><strong>Dayan\u0131kl\u0131l\u0131k (Endurance):<\/strong> 22 km&#8217;lik en zorlu test.<\/li>\n\n\n\n<li><strong>Verimlilik (Efficiency):<\/strong> Yak\u0131t\/enerji t\u00fcketim ba\u015far\u0131s\u0131.<\/li>\n<\/ul>\n<\/div>\n<\/div>\n\n\n\n<figure class=\"wp-block-gallery has-nested-images columns-default is-cropped wp-block-gallery-3 is-layout-flex wp-block-gallery-is-layout-flex\">\n<figure class=\"wp-block-image size-large\"><img loading=\"lazy\" decoding=\"async\" width=\"1024\" height=\"683\" data-id=\"735\" src=\"https:\/\/www.kouformulastudent.com\/wp-content\/uploads\/2025\/11\/SAE_3725-1024x683.jpg\" alt=\"\" class=\"wp-image-735\" srcset=\"https:\/\/www.kouformulastudent.com\/wp-content\/uploads\/2025\/11\/SAE_3725-1024x683.jpg 1024w, https:\/\/www.kouformulastudent.com\/wp-content\/uploads\/2025\/11\/SAE_3725-300x200.jpg 300w, https:\/\/www.kouformulastudent.com\/wp-content\/uploads\/2025\/11\/SAE_3725-768x512.jpg 768w, https:\/\/www.kouformulastudent.com\/wp-content\/uploads\/2025\/11\/SAE_3725-1536x1024.jpg 1536w, https:\/\/www.kouformulastudent.com\/wp-content\/uploads\/2025\/11\/SAE_3725.jpg 2048w\" sizes=\"auto, (max-width: 1024px) 100vw, 1024px\" \/><\/figure>\n\n\n\n<figure class=\"wp-block-image size-large\"><img loading=\"lazy\" decoding=\"async\" width=\"1024\" height=\"683\" data-id=\"736\" src=\"https:\/\/www.kouformulastudent.com\/wp-content\/uploads\/2025\/11\/SAE_4883-1024x683.jpg\" alt=\"\" class=\"wp-image-736\" srcset=\"https:\/\/www.kouformulastudent.com\/wp-content\/uploads\/2025\/11\/SAE_4883-1024x683.jpg 1024w, https:\/\/www.kouformulastudent.com\/wp-content\/uploads\/2025\/11\/SAE_4883-300x200.jpg 300w, https:\/\/www.kouformulastudent.com\/wp-content\/uploads\/2025\/11\/SAE_4883-768x512.jpg 768w, https:\/\/www.kouformulastudent.com\/wp-content\/uploads\/2025\/11\/SAE_4883-1536x1024.jpg 1536w, https:\/\/www.kouformulastudent.com\/wp-content\/uploads\/2025\/11\/SAE_4883.jpg 2048w\" sizes=\"auto, (max-width: 1024px) 100vw, 1024px\" \/><\/figure>\n\n\n\n<figure class=\"wp-block-image size-large\"><img loading=\"lazy\" decoding=\"async\" width=\"1024\" height=\"683\" data-id=\"737\" src=\"https:\/\/www.kouformulastudent.com\/wp-content\/uploads\/2025\/11\/SAE_4910-1024x683.jpg\" alt=\"\" class=\"wp-image-737\" srcset=\"https:\/\/www.kouformulastudent.com\/wp-content\/uploads\/2025\/11\/SAE_4910-1024x683.jpg 1024w, https:\/\/www.kouformulastudent.com\/wp-content\/uploads\/2025\/11\/SAE_4910-300x200.jpg 300w, https:\/\/www.kouformulastudent.com\/wp-content\/uploads\/2025\/11\/SAE_4910-768x512.jpg 768w, https:\/\/www.kouformulastudent.com\/wp-content\/uploads\/2025\/11\/SAE_4910-1536x1024.jpg 1536w, https:\/\/www.kouformulastudent.com\/wp-content\/uploads\/2025\/11\/SAE_4910.jpg 2048w\" sizes=\"auto, (max-width: 1024px) 100vw, 1024px\" \/><\/figure>\n\n\n\n<figure class=\"wp-block-image size-large\"><img loading=\"lazy\" decoding=\"async\" width=\"1024\" height=\"683\" data-id=\"738\" src=\"https:\/\/www.kouformulastudent.com\/wp-content\/uploads\/2025\/11\/SAE_4873-1024x683.jpg\" alt=\"\" class=\"wp-image-738\" srcset=\"https:\/\/www.kouformulastudent.com\/wp-content\/uploads\/2025\/11\/SAE_4873-1024x683.jpg 1024w, https:\/\/www.kouformulastudent.com\/wp-content\/uploads\/2025\/11\/SAE_4873-300x200.jpg 300w, https:\/\/www.kouformulastudent.com\/wp-content\/uploads\/2025\/11\/SAE_4873-768x512.jpg 768w, https:\/\/www.kouformulastudent.com\/wp-content\/uploads\/2025\/11\/SAE_4873-1536x1024.jpg 1536w, https:\/\/www.kouformulastudent.com\/wp-content\/uploads\/2025\/11\/SAE_4873.jpg 2048w\" sizes=\"auto, (max-width: 1024px) 100vw, 1024px\" \/><\/figure>\n\n\n\n<figure class=\"wp-block-image size-large\"><img loading=\"lazy\" decoding=\"async\" width=\"1024\" height=\"683\" data-id=\"741\" src=\"https:\/\/www.kouformulastudent.com\/wp-content\/uploads\/2025\/11\/SAE_4455-1024x683.jpg\" alt=\"\" class=\"wp-image-741\" srcset=\"https:\/\/www.kouformulastudent.com\/wp-content\/uploads\/2025\/11\/SAE_4455-1024x683.jpg 1024w, https:\/\/www.kouformulastudent.com\/wp-content\/uploads\/2025\/11\/SAE_4455-300x200.jpg 300w, https:\/\/www.kouformulastudent.com\/wp-content\/uploads\/2025\/11\/SAE_4455-768x512.jpg 768w, https:\/\/www.kouformulastudent.com\/wp-content\/uploads\/2025\/11\/SAE_4455-1536x1024.jpg 1536w, https:\/\/www.kouformulastudent.com\/wp-content\/uploads\/2025\/11\/SAE_4455.jpg 2048w\" sizes=\"auto, (max-width: 1024px) 100vw, 1024px\" \/><\/figure>\n\n\n\n<figure class=\"wp-block-image size-large\"><img loading=\"lazy\" decoding=\"async\" width=\"1024\" height=\"683\" data-id=\"742\" src=\"https:\/\/www.kouformulastudent.com\/wp-content\/uploads\/2025\/11\/SAE_4588-1024x683.jpg\" alt=\"\" class=\"wp-image-742\" srcset=\"https:\/\/www.kouformulastudent.com\/wp-content\/uploads\/2025\/11\/SAE_4588-1024x683.jpg 1024w, https:\/\/www.kouformulastudent.com\/wp-content\/uploads\/2025\/11\/SAE_4588-300x200.jpg 300w, https:\/\/www.kouformulastudent.com\/wp-content\/uploads\/2025\/11\/SAE_4588-768x512.jpg 768w, https:\/\/www.kouformulastudent.com\/wp-content\/uploads\/2025\/11\/SAE_4588-1536x1024.jpg 1536w, https:\/\/www.kouformulastudent.com\/wp-content\/uploads\/2025\/11\/SAE_4588.jpg 2048w\" sizes=\"auto, (max-width: 1024px) 100vw, 1024px\" \/><\/figure>\n<\/figure>\n\n\n\n<p><\/p>\n","protected":false},"excerpt":{"rendered":"<p>Formula Student, \u00fcniversite \u00f6\u011frencilerinin tasarlay\u0131p \u00fcrettikleri yar\u0131\u015f ara\u00e7lar\u0131yla hem pist performans\u0131nda hem de m\u00fchendislik sunumlar\u0131nda k\u00fcresel \u00e7apta yar\u0131\u015ft\u0131\u011f\u0131 d\u00fcnyan\u0131n en prestijli organizasyonudur. Sadece h\u0131z\u0131 de\u011fil, ayn\u0131 zamanda teknik inovasyonu, maliyet y\u00f6netimini ve i\u015f plan\u0131n\u0131 da test ederek \u00f6\u011frencileri ger\u00e7ek bir otomotiv \u015firketi gibi \u00e7al\u0131\u015fmaya zorlar. Bu zorlu s\u00fcre\u00e7, teorik bilgiyi e\u015fsiz bir pratik tecr\u00fcbeye d\u00f6n\u00fc\u015ft\u00fcrerek [&hellip;]<\/p>\n","protected":false},"author":1,"featured_media":0,"parent":0,"menu_order":0,"comment_status":"closed","ping_status":"closed","template":"","meta":{"_themeisle_gutenberg_block_has_review":false,"footnotes":""},"class_list":["post-679","page","type-page","status-publish","hentry"],"_links":{"self":[{"href":"https:\/\/www.kouformulastudent.com\/index.php\/wp-json\/wp\/v2\/pages\/679","targetHints":{"allow":["GET"]}}],"collection":[{"href":"https:\/\/www.kouformulastudent.com\/index.php\/wp-json\/wp\/v2\/pages"}],"about":[{"href":"https:\/\/www.kouformulastudent.com\/index.php\/wp-json\/wp\/v2\/types\/page"}],"author":[{"embeddable":true,"href":"https:\/\/www.kouformulastudent.com\/index.php\/wp-json\/wp\/v2\/users\/1"}],"replies":[{"embeddable":true,"href":"https:\/\/www.kouformulastudent.com\/index.php\/wp-json\/wp\/v2\/comments?post=679"}],"version-history":[{"count":1,"href":"https:\/\/www.kouformulastudent.com\/index.php\/wp-json\/wp\/v2\/pages\/679\/revisions"}],"predecessor-version":[{"id":743,"href":"https:\/\/www.kouformulastudent.com\/index.php\/wp-json\/wp\/v2\/pages\/679\/revisions\/743"}],"wp:attachment":[{"href":"https:\/\/www.kouformulastudent.com\/index.php\/wp-json\/wp\/v2\/media?parent=679"}],"curies":[{"name":"wp","href":"https:\/\/api.w.org\/{rel}","templated":true}]}}