{"id":748,"date":"2025-11-09T18:24:40","date_gmt":"2025-11-09T15:24:40","guid":{"rendered":"https:\/\/www.kouformulastudent.com\/?page_id=748"},"modified":"2025-11-14T15:35:27","modified_gmt":"2025-11-14T12:35:27","slug":"araclarimiz","status":"publish","type":"page","link":"https:\/\/www.kouformulastudent.com\/index.php\/araclarimiz\/","title":{"rendered":"Ara\u00e7lar\u0131m\u0131z"},"content":{"rendered":"<div class=\"align wp-block-tlgb-b-timeline-block\" id='BTimelineBlock-1'\r\n  data-attributes='{&quot;timelines&quot;:[{&quot;icon&quot;:&quot;&lt;svg xmlns=&#039;http:\\\/\\\/www.w3.org\\\/2000\\\/svg&#039; viewBox=&#039;0 0 448 512&#039;&gt;&lt;path d=&#039;M64 32C28.7 32 0 60.7 0 96V416c0 35.3 28.7 64 64 64h98.2V334.2H109.4V256h52.8V222.3c0-87.1 39.4-127.5 125-127.5c16.2 0 44.2 3.2 55.7 6.4V172c-6-.6-16.5-1-29.6-1c-42 0-58.2 15.9-58.2 57.2V256h83.6l-14.4 78.2H255V480H384c35.3 0 64-28.7 64-64V96c0-35.3-28.7-64-64-64H64z&#039;\\\/&gt;&lt;\\\/svg&gt;&quot;,&quot;date&quot;:&quot;2002&quot;,&quot;label&quot;:&quot;2017&quot;,&quot;description&quot;:&quot;KOU FS-01 \\u00dcretimi&quot;,&quot;isAddTinyEditor&quot;:false},{&quot;icon&quot;:&quot;&lt;svg xmlns=&#039;http:\\\/\\\/www.w3.org\\\/2000\\\/svg&#039; viewBox=&#039;0 0 16 16&#039; id=&#039;instagram&#039;&gt;&lt;path d=&#039;M8 0C5.829 0 5.556.01 4.703.048 3.85.088 3.269.222 2.76.42a3.9 3.9 0 0 0-1.417.923A3.9 3.9 0 0 0 .42 2.76C.222 3.268.087 3.85.048 4.7.01 5.555 0 5.827 0 8.001c0 2.172.01 2.444.048 3.297.04.852.174 1.433.372 1.942.205.526.478.972.923 1.417.444.445.89.719 1.416.923.51.198 1.09.333 1.942.372C5.555 15.99 5.827 16 8 16s2.444-.01 3.298-.048c.851-.04 1.434-.174 1.943-.372a3.9 3.9 0 0 0 1.416-.923c.445-.445.718-.891.923-1.417.197-.509.332-1.09.372-1.942C15.99 10.445 16 10.173 16 8s-.01-2.445-.048-3.299c-.04-.851-.175-1.433-.372-1.941a3.9 3.9 0 0 0-.923-1.417A3.9 3.9 0 0 0 13.24.42c-.51-.198-1.092-.333-1.943-.372C10.443.01 10.172 0 7.998 0zm-.717 1.442h.718c2.136 0 2.389.007 3.232.046.78.035 1.204.166 1.486.275.373.145.64.319.92.599s.453.546.598.92c.11.281.24.705.275 1.485.039.843.047 1.096.047 3.231s-.008 2.389-.047 3.232c-.035.78-.166 1.203-.275 1.485a2.5 2.5 0 0 1-.599.919c-.28.28-.546.453-.92.598-.28.11-.704.24-1.485.276-.843.038-1.096.047-3.232.047s-2.39-.009-3.233-.047c-.78-.036-1.203-.166-1.485-.276a2.5 2.5 0 0 1-.92-.598 2.5 2.5 0 0 1-.6-.92c-.109-.281-.24-.705-.275-1.485-.038-.843-.046-1.096-.046-3.233s.008-2.388.046-3.231c.036-.78.166-1.204.276-1.486.145-.373.319-.64.599-.92s.546-.453.92-.598c.282-.11.705-.24 1.485-.276.738-.034 1.024-.044 2.515-.045zm4.988 1.328a.96.96 0 1 0 0 1.92.96.96 0 0 0 0-1.92m-4.27 1.122a4.109 4.109 0 1 0 0 8.217 4.109 4.109 0 0 0 0-8.217m0 1.441a2.667 2.667 0 1 1 0 5.334 2.667 2.667 0 0 1 0-5.334&#039;\\\/&gt;&lt;\\\/svg&gt;&quot;,&quot;date&quot;:&quot;2003&quot;,&quot;label&quot;:&quot;2020&quot;,&quot;description&quot;:&quot;KOU FS-02 \\u00dcretimine Ba\\u015fland\\u0131&quot;,&quot;isAddTinyEditor&quot;:false},{&quot;icon&quot;:&quot;&lt;svg xmlns=&#039;http:\\\/\\\/www.w3.org\\\/2000\\\/svg&#039; viewBox=&#039;0 0 448 512&#039;&gt;&lt;path d=&#039;M64 32C28.7 32 0 60.7 0 96V416c0 35.3 28.7 64 64 64H384c35.3 0 64-28.7 64-64V96c0-35.3-28.7-64-64-64H64zM351.3 199.3v0c0 86.7-66 186.6-186.6 186.6c-37.2 0-71.7-10.8-100.7-29.4c5.3 .6 10.4 .8 15.8 .8c30.7 0 58.9-10.4 81.4-28c-28.8-.6-53-19.5-61.3-45.5c10.1 1.5 19.2 1.5 29.6-1.2c-30-6.1-52.5-32.5-52.5-64.4v-.8c8.7 4.9 18.9 7.9 29.6 8.3c-9-6-16.4-14.1-21.5-23.6s-7.8-20.2-7.7-31c0-12.2 3.2-23.4 8.9-33.1c32.3 39.8 80.8 65.8 135.2 68.6c-9.3-44.5 24-80.6 64-80.6c18.9 0 35.9 7.9 47.9 20.7c14.8-2.8 29-8.3 41.6-15.8c-4.9 15.2-15.2 28-28.8 36.1c13.2-1.4 26-5.1 37.8-10.2c-8.9 13.1-20.1 24.7-32.9 34c.2 2.8 .2 5.7 .2 8.5z&#039;\\\/&gt;&lt;\\\/svg&gt;&quot;,&quot;date&quot;:&quot;2004&quot;,&quot;label&quot;:&quot;2022&quot;,&quot;description&quot;:&quot;KOU FS-02 \\u00dcretimi Tamamland\\u0131&quot;,&quot;isAddTinyEditor&quot;:false},{&quot;icon&quot;:&quot;&lt;svg xmlns=&#039;http:\\\/\\\/www.w3.org\\\/2000\\\/svg&#039; viewBox=&#039;0 0 448 512&#039;&gt;&lt;path d=&#039;M64 32C28.7 32 0 60.7 0 96V416c0 35.3 28.7 64 64 64h98.2V334.2H109.4V256h52.8V222.3c0-87.1 39.4-127.5 125-127.5c16.2 0 44.2 3.2 55.7 6.4V172c-6-.6-16.5-1-29.6-1c-42 0-58.2 15.9-58.2 57.2V256h83.6l-14.4 78.2H255V480H384c35.3 0 64-28.7 64-64V96c0-35.3-28.7-64-64-64H64z&#039;\\\/&gt;&lt;\\\/svg&gt;&quot;,&quot;date&quot;:&quot;02-02-2002&quot;,&quot;label&quot;:&quot;2023&quot;,&quot;description&quot;:&quot;KOU FS-03C ve KOU FS-03E \\u00dcretimi&quot;,&quot;isAddTinyEditor&quot;:false},{&quot;icon&quot;:&quot;&lt;svg xmlns=&#039;http:\\\/\\\/www.w3.org\\\/2000\\\/svg&#039; viewBox=&#039;0 0 448 512&#039;&gt;&lt;path d=&#039;M64 32C28.7 32 0 60.7 0 96V416c0 35.3 28.7 64 64 64h98.2V334.2H109.4V256h52.8V222.3c0-87.1 39.4-127.5 125-127.5c16.2 0 44.2 3.2 55.7 6.4V172c-6-.6-16.5-1-29.6-1c-42 0-58.2 15.9-58.2 57.2V256h83.6l-14.4 78.2H255V480H384c35.3 0 64-28.7 64-64V96c0-35.3-28.7-64-64-64H64z&#039;\\\/&gt;&lt;\\\/svg&gt;&quot;,&quot;date&quot;:&quot;02-02-2002&quot;,&quot;label&quot;:&quot;2024&quot;,&quot;description&quot;:&quot;KOU FS-04T ve KOU FS-04E \\u00dcretimi&quot;,&quot;isAddTinyEditor&quot;:false},{&quot;icon&quot;:&quot;&lt;svg xmlns=&#039;http:\\\/\\\/www.w3.org\\\/2000\\\/svg&#039; viewBox=&#039;0 0 448 512&#039;&gt;&lt;path d=&#039;M64 32C28.7 32 0 60.7 0 96V416c0 35.3 28.7 64 64 64h98.2V334.2H109.4V256h52.8V222.3c0-87.1 39.4-127.5 125-127.5c16.2 0 44.2 3.2 55.7 6.4V172c-6-.6-16.5-1-29.6-1c-42 0-58.2 15.9-58.2 57.2V256h83.6l-14.4 78.2H255V480H384c35.3 0 64-28.7 64-64V96c0-35.3-28.7-64-64-64H64z&#039;\\\/&gt;&lt;\\\/svg&gt;&quot;,&quot;date&quot;:&quot;02-02-2002&quot;,&quot;label&quot;:&quot;2025&quot;,&quot;description&quot;:&quot;KOU FS-05C ve KOU FS-05E \\u00dcretimi&quot;,&quot;isAddTinyEditor&quot;:false}],&quot;align&quot;:&quot;&quot;,&quot;type&quot;:&quot;vertical&quot;,&quot;itemPosition&quot;:&quot;right&quot;,&quot;labelLocation&quot;:&quot;right&quot;,&quot;startIndex&quot;:1,&quot;vigibleItems&quot;:4,&quot;moveItem&quot;:2,&quot;verticalTrigger&quot;:&quot;150px&quot;,&quot;rtlMode&quot;:false,&quot;barBackground&quot;:&quot;#dddddd&quot;,&quot;barDotColor&quot;:&quot;#dddddd&quot;,&quot;itemBg&quot;:&quot;#ffffff&quot;,&quot;itemColor&quot;:&quot;#333333&quot;,&quot;itemTypo&quot;:{&quot;fontSize&quot;:{&quot;desktop&quot;:14,&quot;tablet&quot;:14,&quot;mobile&quot;:14}},&quot;horizontalDatePosition&quot;:&quot;bottom&quot;,&quot;itemBorder&quot;:{&quot;width&quot;:&quot;1px&quot;,&quot;color&quot;:&quot;#cccccc&quot;},&quot;contentBorder&quot;:{&quot;width&quot;:&quot;1px&quot;,&quot;style&quot;:&quot;solid&quot;,&quot;color&quot;:&quot;#72aee6&quot;},&quot;labelTypo&quot;:{&quot;fontSize&quot;:{&quot;desktop&quot;:16,&quot;tablet&quot;:16,&quot;mobile&quot;:16}},&quot;labelColor&quot;:&quot;#222222&quot;,&quot;theme&quot;:&quot;default&quot;,&quot;timelineBar&quot;:{&quot;width&quot;:&quot;3px&quot;,&quot;dotSize&quot;:20,&quot;progressBarbgColor&quot;:{&quot;color&quot;:&quot;linear-gradient(to bottom, #ff6a00, #ee0979)&quot;}},&quot;dateStyles&quot;:{&quot;dateTypo&quot;:{&quot;fontSize&quot;:{&quot;desktop&quot;:14,&quot;tablet&quot;:14,&quot;mobile&quot;:14}},&quot;dateColor&quot;:&quot;black&quot;,&quot;dateContainerSize&quot;:50,&quot;dateBg&quot;:{&quot;color&quot;:&quot;#06b6d4&quot;}},&quot;iconStyles&quot;:{&quot;iconColor&quot;:&quot;orangered&quot;,&quot;iconColorHover&quot;:&quot;red&quot;,&quot;iconSize&quot;:40,&quot;iconContainerSize&quot;:40,&quot;background&quot;:{&quot;normal&quot;:{&quot;color&quot;:&quot;white&quot;},&quot;hover&quot;:{&quot;color&quot;:&quot;red&quot;}},&quot;borderControl&quot;:{&quot;width&quot;:&quot;1px&quot;,&quot;color&quot;:&quot;rgba(18, 235, 195, 1)&quot;,&quot;style&quot;:&quot;inset&quot;},&quot;iconBorderHover&quot;:&quot;1px solid #efefef&quot;},&quot;hasCustomCSS&quot;:false,&quot;customCSS&quot;:&quot;&quot;,&quot;otterConditions&quot;:[]}'><\/div>\n\n\n<p><\/p>\n","protected":false},"excerpt":{"rendered":"","protected":false},"author":1,"featured_media":0,"parent":0,"menu_order":0,"comment_status":"closed","ping_status":"closed","template":"","meta":{"_themeisle_gutenberg_block_has_review":false,"footnotes":""},"class_list":["post-748","page","type-page","status-publish","hentry"],"_links":{"self":[{"href":"https:\/\/www.kouformulastudent.com\/index.php\/wp-json\/wp\/v2\/pages\/748","targetHints":{"allow":["GET"]}}],"collection":[{"href":"https:\/\/www.kouformulastudent.com\/index.php\/wp-json\/wp\/v2\/pages"}],"about":[{"href":"https:\/\/www.kouformulastudent.com\/index.php\/wp-json\/wp\/v2\/types\/page"}],"author":[{"embeddable":true,"href":"https:\/\/www.kouformulastudent.com\/index.php\/wp-json\/wp\/v2\/users\/1"}],"replies":[{"embeddable":true,"href":"https:\/\/www.kouformulastudent.com\/index.php\/wp-json\/wp\/v2\/comments?post=748"}],"version-history":[{"count":2,"href":"https:\/\/www.kouformulastudent.com\/index.php\/wp-json\/wp\/v2\/pages\/748\/revisions"}],"predecessor-version":[{"id":805,"href":"https:\/\/www.kouformulastudent.com\/index.php\/wp-json\/wp\/v2\/pages\/748\/revisions\/805"}],"wp:attachment":[{"href":"https:\/\/www.kouformulastudent.com\/index.php\/wp-json\/wp\/v2\/media?parent=748"}],"curies":[{"name":"wp","href":"https:\/\/api.w.org\/{rel}","templated":true}]}}